{"id":385,"date":"2020-05-27T09:11:27","date_gmt":"2020-05-27T09:11:27","guid":{"rendered":"https:\/\/sapico.md\/home\/"},"modified":"2021-10-01T15:40:40","modified_gmt":"2021-10-01T15:40:40","slug":"home","status":"publish","type":"page","link":"https:\/\/sapico.md\/ro\/","title":{"rendered":"Acas\u0103"},"content":{"rendered":"<p>[vc_row full_width=&#8221;stretch_row_content_no_spaces&#8221;][vc_column css=&#8221;.vc_custom_1632316090662{margin-left: -5px !important;}&#8221;][vc_gallery interval=&#8221;5&#8243; images=&#8221;1563,1597,1566&#8243; img_size=&#8221;full&#8221; onclick=&#8221;&#8221; css_animation=&#8221;none&#8221; speed=&#8221;3000&#8243; el_id=&#8221;flex&#8221; css=&#8221;.vc_custom_1632383270282{margin-right: -5px !important;margin-left: -5px !important;padding-right: -10px !important;padding-left: -10px !important;}&#8221;][\/vc_column][\/vc_row][vc_row full_width=&#8221;stretch_row_content_no_spaces&#8221; el_class=&#8221;ws-container-fluid ws-row-space-top-100x&#8221;][vc_column css_animation=&#8221;none&#8221;]<div style=\"background: url(https:\/\/sapico.md\/wp-content\/uploads\/2021\/09\/DSCF6104.jpg)\" class=\"ws-cta\">\n                    <div class=\"ws-overlay-cta-right\">\n                       <div class=\"ws-cta-content-holder-right\">\n                            <h5>CINE SUNTEM<\/h5>\n                            <h2>Lider \u00een produc\u021bia de snacksuri.<\/h2>\n                            <p>Lider \u00een distribu\u021bia brandurilor interna\u021bionale.<\/p>\n\n                            <div class=\"custom-button ws-button-dark\"><a href=\"https:\/\/sapico.md\/ro\/cine-suntem\/\" target=\"_self\" class=\"btn\">Afl\u0103 mai mult <\/a><\/div>\n                       <\/div>\n                    <\/div>\n               <\/div>[\/vc_column][\/vc_row][vc_row full_width=&#8221;stretch_row_content_no_spaces&#8221; el_class=&#8221;ws-container-fluid ws-row-space-top-50x&#8221;][vc_column]<div style=\"background: url(https:\/\/sapico.md\/wp-content\/uploads\/2020\/09\/who-cover.jpg)\" class=\"ws-cta\">\n                    <div class=\"ws-overlay-cta-left\">\n                       <div class=\"ws-cta-content-holder-left\">\n                            <h5>CE FACEM<\/h5>\n                            <h2>Facem via\u021ba mai delicioas\u0103 al\u0103turi de cei dragi.<\/h2>\n                            <p>Dezvolt\u0103m \u0219i livr\u0103m produse inovative pentru un viitor sustenabil.<\/p>\n\n                            <div class=\"custom-button ws-button-dark\"><a href=\"https:\/\/sapico.md\/ro\/ce-facem\/\" target=\"_self\" class=\"btn\">Afl\u0103 mai mult <\/a><\/div>\n                       <\/div>\n                    <\/div>\n               <\/div>[\/vc_column][\/vc_row][vc_row full_width=&#8221;stretch_row_content_no_spaces&#8221; el_class=&#8221;ws-container-fluid ws-row-space-top-50x&#8221;][vc_column]<div style=\"background: url(https:\/\/sapico.md\/wp-content\/uploads\/2021\/09\/brands_v5-scaled.jpg)\" class=\"ws-cta\">\n                    <div class=\"ws-overlay-cta-right\">\n                       <div class=\"ws-cta-content-holder-right\">\n                            <h5>BRANDURI<\/h5>\n                            <h2>\u00cendr\u0103gite de toat\u0103 lumea.<\/h2>\n                            <p>Savurate \u00een fiecare zi.<\/p>\n\n                            <div class=\"custom-button ws-button-dark\"><a href=\"https:\/\/sapico.md\/ro\/brands\/\" target=\"_self\" class=\"btn\">Vezi toate brandurile <\/a><\/div>\n                       <\/div>\n                    <\/div>\n               <\/div>[\/vc_column][\/vc_row][vc_row full_width=&#8221;stretch_row_content_no_spaces&#8221; el_class=&#8221;ws-container-fluid ws-row-space-top-50x&#8221;][vc_column]<div style=\"background: url(https:\/\/sapico.md\/wp-content\/uploads\/2020\/09\/contact-bg.jpg)\" class=\"ws-cta\">\n                    <div class=\"ws-overlay-cta-left\">\n                       <div class=\"ws-cta-content-holder-left\">\n                            <h5>Contacte<\/h5>\n                            <h2>Ai o \u00eentrebare pentru noi sau vrei s\u0103 ne poveste\u0219ti despre experien\u021ba ta cu SAPICO?<\/h2>\n                            <p>Te invit\u0103m s\u0103 ne cunoa\u0219tem mai bine!<\/p>\n\n                            <div class=\"custom-button ws-button-dark\"><a href=\"https:\/\/sapico.md\/ro\/contacte\/\" target=\"_self\" class=\"btn\">Contacteaz\u0103-ne! <\/a><\/div>\n                       <\/div>\n                    <\/div>\n               <\/div>[\/vc_column][\/vc_row]<\/p>\n","protected":false},"excerpt":{"rendered":"<p>[vc_row full_width=&#8221;stretch_row_content_no_spaces&#8221;][vc_column css=&#8221;.vc_custom_1632316090662{margin-left: -5px !important;}&#8221;][vc_gallery interval=&#8221;5&#8243; images=&#8221;1563,1597,1566&#8243; img_size=&#8221;full&#8221; onclick=&#8221;&#8221; css_animation=&#8221;none&#8221; speed=&#8221;3000&#8243; el_id=&#8221;flex&#8221; css=&#8221;.vc_custom_1632383270282{margin-right: -5px !important;margin-left: -5px !important;padding-right: -10px !important;padding-left: -10px !important;}&#8221;][\/vc_column][\/vc_row][vc_row full_width=&#8221;stretch_row_content_no_spaces&#8221; el_class=&#8221;ws-container-fluid ws-row-space-top-100x&#8221;][vc_column css_animation=&#8221;none&#8221;][\/vc_column][\/vc_row][vc_row full_width=&#8221;stretch_row_content_no_spaces&#8221; el_class=&#8221;ws-container-fluid ws-row-space-top-50x&#8221;][vc_column][\/vc_column][\/vc_row][vc_row full_width=&#8221;stretch_row_content_no_spaces&#8221; el_class=&#8221;ws-container-fluid ws-row-space-top-50x&#8221;][vc_column][\/vc_column][\/vc_row][vc_row full_width=&#8221;stretch_row_content_no_spaces&#8221; el_class=&#8221;ws-container-fluid ws-row-space-top-50x&#8221;][vc_column][\/vc_column][\/vc_row]<\/p>\n","protected":false},"author":1,"featured_media":0,"parent":0,"menu_order":0,"comment_status":"closed","ping_status":"closed","template":"template-clean-page.php","meta":[],"yst_prominent_words":[],"_links":{"self":[{"href":"https:\/\/sapico.md\/ro\/wp-json\/wp\/v2\/pages\/385"}],"collection":[{"href":"https:\/\/sapico.md\/ro\/wp-json\/wp\/v2\/pages"}],"about":[{"href":"https:\/\/sapico.md\/ro\/wp-json\/wp\/v2\/types\/page"}],"author":[{"embeddable":true,"href":"https:\/\/sapico.md\/ro\/wp-json\/wp\/v2\/users\/1"}],"replies":[{"embeddable":true,"href":"https:\/\/sapico.md\/ro\/wp-json\/wp\/v2\/comments?post=385"}],"version-history":[{"count":53,"href":"https:\/\/sapico.md\/ro\/wp-json\/wp\/v2\/pages\/385\/revisions"}],"predecessor-version":[{"id":2090,"href":"https:\/\/sapico.md\/ro\/wp-json\/wp\/v2\/pages\/385\/revisions\/2090"}],"wp:attachment":[{"href":"https:\/\/sapico.md\/ro\/wp-json\/wp\/v2\/media?parent=385"}],"wp:term":[{"taxonomy":"yst_prominent_words","embeddable":true,"href":"https:\/\/sapico.md\/ro\/wp-json\/wp\/v2\/yst_prominent_words?post=385"}],"curies":[{"name":"wp","href":"https:\/\/api.w.org\/{rel}","templated":true}]}}