{"id":528,"date":"2020-05-27T08:43:47","date_gmt":"2020-05-27T08:43:47","guid":{"rendered":"https:\/\/sapico.md\/who-we-are\/"},"modified":"2021-09-28T05:56:54","modified_gmt":"2021-09-28T05:56:54","slug":"cine-suntem","status":"publish","type":"page","link":"https:\/\/sapico.md\/ro\/cine-suntem\/","title":{"rendered":"Cine suntem"},"content":{"rendered":"<p>[vc_row content_placement=&#8221;middle&#8221; el_class=&#8221;ws-row-space-70x&#8221;][vc_column el_class=&#8221;ws-mobile-space-25x&#8221;]<div class=\"ws-heading text-left ws-heading-dark\"><h2>SAPICO<\/h2><\/div>[vc_column_text]Este un produc\u0103tor \u0219i distribuitor de top din Republica Moldova \u00een domeniul FMCG \u0219i HoReCa cu o gam\u0103 variat\u0103 de produse alimentare.<\/p>\n<p>Suntem o afacere de familie \u2014 punem accent pe conexiune \u0219i identitate, promov\u00e2nd totodat\u0103 valorile morale \u0219i dezvoltarea parteneriatelor de lung\u0103 durat\u0103.<\/p>\n<p>Avem \u00een spate o echip\u0103 foarte bine preg\u0103tit\u0103, iar ceea ce ne diferen\u021biaz\u0103 \u00een mod special sunt rela\u021biile profesionale cu partenerii, bazate pe integritate, angajament social \u0219i \u00eencredere reciproc\u0103.<\/p>\n<p>Din pasiunea pentru excelen\u021b\u0103 \u0219i inova\u021bie concentr\u0103m toate eforturile pentru a oferi produse de cea mai \u00eenalt\u0103 calitate clien\u021bilor no\u0219tri.[\/vc_column_text][\/vc_column][\/vc_row][vc_row full_width=&#8221;stretch_row&#8221; el_class=&#8221;ws-row-space-70x&#8221; css=&#8221;.vc_custom_1591876343870{background-color: #fafafc !important;}&#8221;][vc_column]<div class=\"ws-heading text-center ws-heading-dark\"><h2>Quick Facts<\/h2><\/div>[vc_empty_space height=&#8221;25px&#8221;][vc_row_inner][vc_column_inner el_class=&#8221;ws-mobile-space-25x&#8221; width=&#8221;1\/5&#8243;][vc_single_image image=&#8221;1134&#8243; img_size=&#8221;full&#8221; alignment=&#8221;center&#8221;][\/vc_column_inner][vc_column_inner el_class=&#8221;ws-mobile-space-25x&#8221; width=&#8221;1\/5&#8243;][vc_single_image image=&#8221;1137&#8243; img_size=&#8221;full&#8221; alignment=&#8221;center&#8221;][\/vc_column_inner][vc_column_inner width=&#8221;1\/5&#8243;][vc_single_image image=&#8221;1140&#8243; img_size=&#8221;full&#8221; alignment=&#8221;center&#8221;][\/vc_column_inner][vc_column_inner width=&#8221;1\/5&#8243;][vc_single_image image=&#8221;1143&#8243; img_size=&#8221;full&#8221; alignment=&#8221;center&#8221;][\/vc_column_inner][vc_column_inner width=&#8221;1\/5&#8243;][vc_single_image image=&#8221;1146&#8243; img_size=&#8221;full&#8221; alignment=&#8221;center&#8221;][\/vc_column_inner][\/vc_row_inner][\/vc_column][\/vc_row][vc_row el_class=&#8221;ws-row-space-70x&#8221;][vc_column]<div class=\"ws-heading text-center ws-heading-dark\"><h2>Partenerii No\u0219tri<\/h2><\/div>[vc_empty_space height=&#8221;35px&#8221;][vc_column_text]<style type=\"text\/css\">div#logo-carousel-free-1658.logo-carousel-free .sp-lc-logo{\n\t\t\t\tborder: 0px none #dddddd;\n\t\t\t}div#logo-carousel-free-1658.logo-carousel-free .sp-lc-logo:hover{\n\t\t\t\tborder-color: #ffffff;\n\t\t\t}@media only screen and (max-width: 576px) {#logo-carousel-free-1658.sp-lc-container .sp-lc-button-prev,\n\t\t\t\t\t#logo-carousel-free-1658.sp-lc-container .sp-lc-button-next {\n\t\t\t\t\t\tdisplay: none;\n\t\t\t\t\t}#logo-carousel-free-1658.sp-lc-container .sp-lc-pagination .swiper-pagination-bullet  {\n\t\t\t\t\t\t\tdisplay: none;\n\t\t\t\t\t\t}} .logo-carousel-free-area#logo-carousel-free-1658{\n\t\t\t\t\tposition: relative;\n\t\t\t\t}\n\t\t\t\t#lcp-preloader-1658{\n\t\t\t\t\tposition: absolute;\n\t\t\t\t\tleft: 0;\n\t\t\t\t\ttop: 0;\n\t\t\t\t\theight: 100%;\n\t\t\t\t\twidth: 100%;\n\t\t\t\t\ttext-align: center;\n\t\t\t\t\tdisplay: flex;\n\t\t\t\t\talign-items: center;\n\t\t\t\t\tjustify-content: center;\n\t\t\t\t\tbackground: #fff;\n\t\t\t\t\tz-index: 9999;\n\t\t\t\t}\n\t\t\t\t .logo-carousel-free-area#logo-carousel-free-1658 .sp-logo-carousel-section-title{\n\t\t\t\t\tmargin-bottom: 30px;\n\t\t\t\t}<\/style><div id='logo-carousel-free-1658' class=\"logo-carousel-free logo-carousel-free-area sp-lc-container\"><div id=\"lcp-preloader-1658\" class=\"sp-logo-carousel-preloader\"><img src=\"https:\/\/sapico.md\/wp-content\/plugins\/logo-carousel-free\/public\/assets\/css\/images\/bx_loader.gif\"\/><\/div><div id=\"sp-logo-carousel-id-1658\" class=\"swiper-container sp-logo-carousel lcp-preloader\" dir=\"ltr\" data-carousel='{ \"speed\":600,\"spaceBetween\": 20, \"autoplay\": true, \"infinite\":true, \"autoplay_speed\": 2000, \"stop_onHover\": true, \"pagination\": false, \"navigation\": false, \"MobileNav\": false, \"MobilePagi\": false, \"simulateTouch\": true, \"allowTouchMove\": true, \"slidesPerView\": {\"lg_desktop\": 5, \"desktop\": 4, \"tablet\": 3, \"mobile_landscape\": 2, \"mobile\": 1 } }'><div class=\"swiper-wrapper\"><div class=\"swiper-slide\"><div class=\"sp-lc-logo\"><img src=\"https:\/\/sapico.md\/wp-content\/uploads\/2021\/09\/bemol-300x300.png\" alt=\"Bemol\" width=\"300\" height=\"300\"><\/div><\/div><div class=\"swiper-slide\"><div class=\"sp-lc-logo\"><img src=\"https:\/\/sapico.md\/wp-content\/uploads\/2021\/09\/bonus-300x300.png\" alt=\"Bonus\" width=\"300\" height=\"300\"><\/div><\/div><div class=\"swiper-slide\"><div class=\"sp-lc-logo\"><img src=\"https:\/\/sapico.md\/wp-content\/uploads\/2021\/09\/dalomrs-300x300.png\" alt=\"Dalmors\" width=\"300\" height=\"300\"><\/div><\/div><div class=\"swiper-slide\"><div class=\"sp-lc-logo\"><img src=\"https:\/\/sapico.md\/wp-content\/uploads\/2021\/09\/elody-300x300.png\" alt=\"Elody\" width=\"300\" height=\"300\"><\/div><\/div><div class=\"swiper-slide\"><div class=\"sp-lc-logo\"><img src=\"https:\/\/sapico.md\/wp-content\/uploads\/2021\/09\/ff-300x300.png\" alt=\"Farmacia Familiei\" width=\"300\" height=\"300\"><\/div><\/div><div class=\"swiper-slide\"><div class=\"sp-lc-logo\"><img src=\"https:\/\/sapico.md\/wp-content\/uploads\/2021\/09\/felicia-300x300.png\" alt=\"Felicia\" width=\"300\" height=\"300\"><\/div><\/div><div class=\"swiper-slide\"><div class=\"sp-lc-logo\"><img src=\"https:\/\/sapico.md\/wp-content\/uploads\/2021\/09\/fidesco-300x300.png\" alt=\"Fidesco\" width=\"300\" height=\"300\"><\/div><\/div><div class=\"swiper-slide\"><div class=\"sp-lc-logo\"><img src=\"https:\/\/sapico.md\/wp-content\/uploads\/2021\/09\/fourchette-300x300.png\" alt=\"Fourchette\" width=\"300\" height=\"300\"><\/div><\/div><div class=\"swiper-slide\"><div class=\"sp-lc-logo\"><img src=\"https:\/\/sapico.md\/wp-content\/uploads\/2021\/09\/gedeon-richter-300x300.png\" alt=\"Gedeon Righter\" width=\"300\" height=\"300\"><\/div><\/div><div class=\"swiper-slide\"><div class=\"sp-lc-logo\"><img src=\"https:\/\/sapico.md\/wp-content\/uploads\/2021\/09\/hip-300x300.png\" alt=\"Hip\" width=\"300\" height=\"300\"><\/div><\/div><div class=\"swiper-slide\"><div class=\"sp-lc-logo\"><img src=\"https:\/\/sapico.md\/wp-content\/uploads\/2021\/09\/kaufland-300x300.png\" alt=\"Kaufland\" width=\"300\" height=\"300\"><\/div><\/div><div class=\"swiper-slide\"><div class=\"sp-lc-logo\"><img src=\"https:\/\/sapico.md\/wp-content\/uploads\/2021\/09\/linella-300x300.png\" alt=\"Linella\" width=\"300\" height=\"300\"><\/div><\/div><div class=\"swiper-slide\"><div class=\"sp-lc-logo\"><img src=\"https:\/\/sapico.md\/wp-content\/uploads\/2021\/09\/lukoil-300x300.png\" alt=\"Lukoil\" width=\"300\" height=\"300\"><\/div><\/div><div class=\"swiper-slide\"><div class=\"sp-lc-logo\"><img src=\"https:\/\/sapico.md\/wp-content\/uploads\/2021\/09\/meathouse-300x300.png\" alt=\"Meat House\" width=\"300\" height=\"300\"><\/div><\/div><div class=\"swiper-slide\"><div class=\"sp-lc-logo\"><img src=\"https:\/\/sapico.md\/wp-content\/uploads\/2021\/09\/metro-300x300.png\" alt=\"Metro\" width=\"300\" height=\"300\"><\/div><\/div><div class=\"swiper-slide\"><div class=\"sp-lc-logo\"><img src=\"https:\/\/sapico.md\/wp-content\/uploads\/2021\/09\/n1-300x300.png\" alt=\"N1\" width=\"300\" height=\"300\"><\/div><\/div><div class=\"swiper-slide\"><div class=\"sp-lc-logo\"><img src=\"https:\/\/sapico.md\/wp-content\/uploads\/2021\/09\/orient-300x300.png\" alt=\"Orient\" width=\"300\" height=\"300\"><\/div><\/div><div class=\"swiper-slide\"><div class=\"sp-lc-logo\"><img src=\"https:\/\/sapico.md\/wp-content\/uploads\/2021\/09\/petrom-300x300.png\" alt=\"Petrom\" width=\"300\" height=\"300\"><\/div><\/div><div class=\"swiper-slide\"><div class=\"sp-lc-logo\"><img src=\"https:\/\/sapico.md\/wp-content\/uploads\/2021\/09\/rogob-300x300.jpg\" alt=\"Rogob\" width=\"300\" height=\"300\"><\/div><\/div><div class=\"swiper-slide\"><div class=\"sp-lc-logo\"><img src=\"https:\/\/sapico.md\/wp-content\/uploads\/2021\/01\/velmart-300x300.png\" alt=\"Velmart\" width=\"300\" height=\"300\"><\/div><\/div><\/div><\/div><\/div>[\/vc_column_text][\/vc_column][\/vc_row][vc_row full_width=&#8221;stretch_row_content_no_spaces&#8221; parallax=&#8221;content-moving&#8221; parallax_image=&#8221;1904&#8243; css=&#8221;.vc_custom_1632484734707{padding-top: 200px !important;padding-bottom: 200px !important;}&#8221;][vc_column]<div class=\"ws-heading text-center ws-heading-light\"><h2>ISTORIA<\/h2><\/div>[\/vc_column][\/vc_row][vc_row el_class=&#8221;ws-row-space-70x&#8221;][vc_column]<div class=\"ws-timeline\"><div class=\"ws-timeline-container ws-timeline-image-left\"><div class=\"ws-timeline-col\"><img src=\"https:\/\/sapico.md\/wp-content\/uploads\/2021\/09\/imcomvil_grup.png\" class=\"img-fluid\" alt\/><\/div><div class=\"ws-timeline-col\"><h2>2001<\/h2><p>Fondare Imcomvil Grup.<br \/>\n\u00cenceputul activit\u0103\u021bii de import \u0219i distribu\u021bie cu 2 branduri: \u041c\u0435\u0447\u0442\u0430 \u0425\u043e\u0437\u044f\u0439\u043a\u0438 \/ \u041c\u043e\u044f \u0421\u0435\u043c\u044c\u044f.<\/p>\n<\/div><\/div><div class=\"ws-timeline-container ws-timeline-image-right\"><div class=\"ws-timeline-col\"><img src=\"https:\/\/sapico.md\/wp-content\/uploads\/2021\/09\/heinz-baby.png\" class=\"img-fluid\" alt\/><\/div><div class=\"ws-timeline-col\"><h2>2004<\/h2><p>Ia na\u0219tere divizia \u201dBaby food\u201d prin semnarea contractului de exclusivitate cu Heinz.<\/p>\n<\/div><\/div><div class=\"ws-timeline-container ws-timeline-image-left\"><div class=\"ws-timeline-col\"><img src=\"https:\/\/sapico.md\/wp-content\/uploads\/2021\/01\/DJI_0480-1-scaled.jpeg\" class=\"img-fluid\" alt\/><\/div><div class=\"ws-timeline-col\"><h2>2007<\/h2><p>Achizi\u021bionarea \u0219i construc\u021bia propriului sediu.<\/p>\n<\/div><\/div><div class=\"ws-timeline-container ws-timeline-image-right\"><div class=\"ws-timeline-col\"><img src=\"https:\/\/sapico.md\/wp-content\/uploads\/2021\/09\/heinz.png\" class=\"img-fluid\" alt\/><\/div><div class=\"ws-timeline-col\"><h2>2008<\/h2><p>Distribuitor oficial \u0219i exclusiv Heinz Ketchup &amp; Sauces.<\/p>\n<\/div><\/div><div class=\"ws-timeline-container ws-timeline-image-left\"><div class=\"ws-timeline-col\"><img src=\"https:\/\/sapico.md\/wp-content\/uploads\/2021\/09\/solpro-logo.png\" class=\"img-fluid\" alt\/><\/div><div class=\"ws-timeline-col\"><h2>2009<\/h2><p>Distribuitor oficial \u0219i exclusiv \u0421\u043e\u043b\u041f\u0440\u043e (\u041c\u043e\u0441\u043a\u043e\u0432\u0441\u043a\u0438\u0439 \u041f\u0440\u043e\u0432\u0430\u043d\u0441\u0430\u043b\u044c).<\/p>\n<\/div><\/div><div class=\"ws-timeline-container ws-timeline-image-right\"><div class=\"ws-timeline-col\"><img src=\"https:\/\/sapico.md\/wp-content\/uploads\/2021\/09\/muller.png\" class=\"img-fluid\" alt\/><\/div><div class=\"ws-timeline-col\"><h2>2013<\/h2><p>Ia na\u0219tere divizia \u201dDairy\u201d prin semnarea contractului de exclusivitate cu M\u00fcller.<\/p>\n<\/div><\/div><div class=\"ws-timeline-container ws-timeline-image-right\"><div class=\"ws-timeline-col\"><img src=\"https:\/\/sapico.md\/wp-content\/uploads\/2021\/09\/emborg.png\" class=\"img-fluid\" alt\/><\/div><div class=\"ws-timeline-col\"><h2>2015<\/h2><p>Distribuitor oficial \u0219i exclusiv Uhrenholt.<\/p>\n<\/div><\/div><div class=\"ws-timeline-container ws-timeline-image-left\"><div class=\"ws-timeline-col\"><img src=\"https:\/\/sapico.md\/wp-content\/uploads\/2021\/09\/hq_square_history2016.jpg\" class=\"img-fluid\" alt\/><\/div><div class=\"ws-timeline-col\"><h2>2016<\/h2><p>Extinderea suprafe\u021bei de depozitare prin construc\u021bia celui de-al doilea sediu \u201dPanorama\u201d.<\/p>\n<\/div><\/div><div class=\"ws-timeline-container ws-timeline-image-right\"><div class=\"ws-timeline-col\"><img src=\"https:\/\/sapico.md\/wp-content\/uploads\/2021\/09\/corny.png\" class=\"img-fluid\" alt\/><\/div><div class=\"ws-timeline-col\"><h2>2017<\/h2><p>Ia na\u0219tere divizia \u201cSnacks\u201d prin semnarea contractului de exclusivitate cu Schwartau.<\/p>\n<\/div><\/div><div class=\"ws-timeline-container ws-timeline-image-left\"><div class=\"ws-timeline-col\"><img src=\"https:\/\/sapico.md\/wp-content\/uploads\/2021\/09\/cronx.png\" class=\"img-fluid\" alt\/><\/div><div class=\"ws-timeline-col\"><h2>2018<\/h2><p>Construc\u021bia fabricii \u0219i lansarea produc\u021biei de snacksuri cu 2 branduri: Piffi &amp; Puffy \/ Cronx.<\/p>\n<\/div><\/div><div class=\"ws-timeline-container ws-timeline-image-right\"><div class=\"ws-timeline-col\"><img src=\"https:\/\/sapico.md\/wp-content\/uploads\/2021\/09\/history-2020.jpg\" class=\"img-fluid\" alt\/><\/div><div class=\"ws-timeline-col\"><h2>2020<\/h2><p>Modernizarea \u0219i extinderea capacit\u0103\u021bii de produc\u021bie prin construc\u021bia unei noi hale \u0219i achizi\u021bia utilajelor de ultim\u0103 genera\u021bie de la produc\u0103tori de top din domeniu.<\/p>\n<\/div><\/div><div class=\"ws-timeline-container ws-timeline-image-left\"><div class=\"ws-timeline-col\"><img src=\"https:\/\/sapico.md\/wp-content\/uploads\/2021\/09\/sapico.png\" class=\"img-fluid\" alt\/><\/div><div class=\"ws-timeline-col\"><h2>2021<\/h2><p>SAPICO \u2013 Noua identitate corporativ\u0103 la 20 ani de la fondarea Imcomvil Grup.<\/p>\n<\/div><\/div><\/div>[\/vc_column][\/vc_row]<\/p>\n","protected":false},"excerpt":{"rendered":"<p>[vc_row content_placement=&#8221;middle&#8221; el_class=&#8221;ws-row-space-70x&#8221;][vc_column el_class=&#8221;ws-mobile-space-25x&#8221;][vc_column_text]Este un produc\u0103tor \u0219i distribuitor de top din Republica Moldova \u00een domeniul FMCG \u0219i HoReCa cu o gam\u0103 variat\u0103 de produse alimentare. Suntem o afacere de familie \u2014 punem accent pe conexiune \u0219i identitate, promov\u00e2nd totodat\u0103 valorile morale \u0219i dezvoltarea parteneriatelor de lung\u0103 durat\u0103. Avem \u00een spate o echip\u0103 foarte bine preg\u0103tit\u0103, [&hellip;]<\/p>\n","protected":false},"author":1,"featured_media":0,"parent":0,"menu_order":0,"comment_status":"closed","ping_status":"closed","template":"template-bg-page.php","meta":[],"yst_prominent_words":[88,79,74,83,89,80,60,85,82,86,77,72,70,87,78,73,71],"_links":{"self":[{"href":"https:\/\/sapico.md\/ro\/wp-json\/wp\/v2\/pages\/528"}],"collection":[{"href":"https:\/\/sapico.md\/ro\/wp-json\/wp\/v2\/pages"}],"about":[{"href":"https:\/\/sapico.md\/ro\/wp-json\/wp\/v2\/types\/page"}],"author":[{"embeddable":true,"href":"https:\/\/sapico.md\/ro\/wp-json\/wp\/v2\/users\/1"}],"replies":[{"embeddable":true,"href":"https:\/\/sapico.md\/ro\/wp-json\/wp\/v2\/comments?post=528"}],"version-history":[{"count":27,"href":"https:\/\/sapico.md\/ro\/wp-json\/wp\/v2\/pages\/528\/revisions"}],"predecessor-version":[{"id":2050,"href":"https:\/\/sapico.md\/ro\/wp-json\/wp\/v2\/pages\/528\/revisions\/2050"}],"wp:attachment":[{"href":"https:\/\/sapico.md\/ro\/wp-json\/wp\/v2\/media?parent=528"}],"wp:term":[{"taxonomy":"yst_prominent_words","embeddable":true,"href":"https:\/\/sapico.md\/ro\/wp-json\/wp\/v2\/yst_prominent_words?post=528"}],"curies":[{"name":"wp","href":"https:\/\/api.w.org\/{rel}","templated":true}]}}