{"id":575,"date":"2020-05-27T08:43:53","date_gmt":"2020-05-27T08:43:53","guid":{"rendered":"https:\/\/sapico.md\/what-we-do\/"},"modified":"2021-09-24T07:15:01","modified_gmt":"2021-09-24T07:15:01","slug":"ce-facem","status":"publish","type":"page","link":"https:\/\/sapico.md\/ro\/ce-facem\/","title":{"rendered":"Ce facem"},"content":{"rendered":"<p>[vc_row el_class=&#8221;ws-row-space-top-70x&#8221;][vc_column][vc_column_text el_class=&#8221;ws-text-block&#8221;]<\/p>\n<p style=\"text-align: center;\">Facem via\u021ba mai delicioas\u0103 al\u0103turi de cei dragi.<br \/>\nDezvolt\u0103m \u0219i livr\u0103m produse inovative pentru un viitor sustenabil.<\/p>\n<p>[\/vc_column_text][\/vc_column][\/vc_row][vc_row el_class=&#8221;ws-row-space-top-70x&#8221;][vc_column width=&#8221;1\/2&#8243; el_class=&#8221;ws-mobile-space-25x&#8221;]<div class=\"ws-services-box\" style=\"background: url(https:\/\/sapico.md\/wp-content\/uploads\/2021\/09\/we-produce.jpg)\">\n                 <div class=\"ws-overlay-bottom\">\n                   <div class=\"ws-services-holder\">\n                        <h4>Produc\u021bie<\/h4>\n                        Dezvolt\u0103m produse inovatoare.\n                        <div class=\"custom-button ws-button-dark\"><a href=\"https:\/\/sapico.md\/ro\/ce-facem\/productie\/\" target=\"_self\" class=\"btn\">Afl\u0103 mai multe <\/a><\/div>\n                   <\/div>\n                 <\/div>\n           <\/div>[\/vc_column][vc_column width=&#8221;1\/2&#8243;]<div class=\"ws-services-box\" style=\"background: url(https:\/\/sapico.md\/wp-content\/uploads\/2021\/09\/export_1920x.jpg)\">\n                 <div class=\"ws-overlay-bottom\">\n                   <div class=\"ws-services-holder\">\n                        <h4>Export<\/h4>\n                        \u00cen toat\u0103 lumea\n                        <div class=\"custom-button ws-button-dark\"><a href=\"https:\/\/sapico.md\/ro\/ce-facem\/export\/\" target=\"_self\" class=\"btn\">Afl\u0103 mai multe <\/a><\/div>\n                   <\/div>\n                 <\/div>\n           <\/div>[\/vc_column][\/vc_row][vc_row el_class=&#8221;ws-row-space-top-50x&#8221;][vc_column width=&#8221;1\/2&#8243; el_class=&#8221;ws-mobile-space-25x&#8221;]<div class=\"ws-services-box\" style=\"background: url(https:\/\/sapico.md\/wp-content\/uploads\/2021\/09\/import_1920x.jpg)\">\n                 <div class=\"ws-overlay-bottom\">\n                   <div class=\"ws-services-holder\">\n                        <h4>Import<\/h4>\n                        Cele mai \u00eendr\u0103gite branduri \u2013 mereu aproape.<br \/>\nDin toate col\u021burile lumii, cu drag pentru tine.\n                        <div class=\"custom-button ws-button-dark\"><a href=\"https:\/\/sapico.md\/ro\/ce-facem\/import\/\" target=\"_self\" class=\"btn\">Afl\u0103 mai multe <\/a><\/div>\n                   <\/div>\n                 <\/div>\n           <\/div>[\/vc_column][vc_column width=&#8221;1\/2&#8243;]<div class=\"ws-services-box\" style=\"background: url(https:\/\/sapico.md\/wp-content\/uploads\/2021\/09\/distribution_1920x.jpg)\">\n                 <div class=\"ws-overlay-bottom\">\n                   <div class=\"ws-services-holder\">\n                        <h4>Distribu\u021bie<\/h4>\n                        Produse de top \u2013 aici \u0219i acum.\n                        <div class=\"custom-button ws-button-dark\"><a href=\"https:\/\/sapico.md\/ro\/ce-facem\/distributie\/\" target=\"_self\" class=\"btn\">Afl\u0103 mai multe <\/a><\/div>\n                   <\/div>\n                 <\/div>\n           <\/div>[\/vc_column][\/vc_row]<\/p>\n","protected":false},"excerpt":{"rendered":"<p>[vc_row el_class=&#8221;ws-row-space-top-70x&#8221;][vc_column][vc_column_text el_class=&#8221;ws-text-block&#8221;] Facem via\u021ba mai delicioas\u0103 al\u0103turi de cei dragi. Dezvolt\u0103m \u0219i livr\u0103m produse inovative pentru un viitor sustenabil. [\/vc_column_text][\/vc_column][\/vc_row][vc_row el_class=&#8221;ws-row-space-top-70x&#8221;][vc_column width=&#8221;1\/2&#8243; el_class=&#8221;ws-mobile-space-25x&#8221;][\/vc_column][vc_column width=&#8221;1\/2&#8243;][\/vc_column][\/vc_row][vc_row el_class=&#8221;ws-row-space-top-50x&#8221;][vc_column width=&#8221;1\/2&#8243; el_class=&#8221;ws-mobile-space-25x&#8221;][\/vc_column][vc_column width=&#8221;1\/2&#8243;][\/vc_column][\/vc_row]<\/p>\n","protected":false},"author":1,"featured_media":0,"parent":0,"menu_order":0,"comment_status":"closed","ping_status":"closed","template":"template-bg-page.php","meta":[],"yst_prominent_words":[115,118,116,121],"_links":{"self":[{"href":"https:\/\/sapico.md\/ro\/wp-json\/wp\/v2\/pages\/575"}],"collection":[{"href":"https:\/\/sapico.md\/ro\/wp-json\/wp\/v2\/pages"}],"about":[{"href":"https:\/\/sapico.md\/ro\/wp-json\/wp\/v2\/types\/page"}],"author":[{"embeddable":true,"href":"https:\/\/sapico.md\/ro\/wp-json\/wp\/v2\/users\/1"}],"replies":[{"embeddable":true,"href":"https:\/\/sapico.md\/ro\/wp-json\/wp\/v2\/comments?post=575"}],"version-history":[{"count":6,"href":"https:\/\/sapico.md\/ro\/wp-json\/wp\/v2\/pages\/575\/revisions"}],"predecessor-version":[{"id":1876,"href":"https:\/\/sapico.md\/ro\/wp-json\/wp\/v2\/pages\/575\/revisions\/1876"}],"wp:attachment":[{"href":"https:\/\/sapico.md\/ro\/wp-json\/wp\/v2\/media?parent=575"}],"wp:term":[{"taxonomy":"yst_prominent_words","embeddable":true,"href":"https:\/\/sapico.md\/ro\/wp-json\/wp\/v2\/yst_prominent_words?post=575"}],"curies":[{"name":"wp","href":"https:\/\/api.w.org\/{rel}","templated":true}]}}