{"id":587,"date":"2020-06-10T08:41:13","date_gmt":"2020-06-10T08:41:13","guid":{"rendered":"https:\/\/sapico.md\/ce-facem\/snack-manufacturing\/"},"modified":"2020-11-19T14:58:38","modified_gmt":"2020-11-19T14:58:38","slug":"productie","status":"publish","type":"page","link":"https:\/\/sapico.md\/ro\/ce-facem\/productie\/","title":{"rendered":"Produc\u021bie"},"content":{"rendered":"<p>[vc_row el_class=&#8221;ws-row-space-bottom-70x&#8221;][vc_column]<div class=\"ws-heading text-left ws-heading-dark\"><h1>Produc\u021bie<\/h1><\/div>[vc_column_text]Dezvolt\u0103m produse inovatoare. \u00cencep\u00e2nd cu anul 2017 produc\u021bia de snacksuri a devenit cel de-al doilea nucleu din activitatea noastr\u0103.<\/p>\n<p>Folosim utilaje de cea mai \u00eenalt\u0103 precizie pentru a livra la timp produse calitative \u00eendr\u0103gite de toat\u0103 lumea. Principala direc\u021bie de produc\u021bie sunt snacksurile extrudate de diverse forme, dimensiuni \u0219i arome.<\/p>\n<p>Suntem mereu \u00een pas cu trendurile alimentare \u0219i dezvolt\u0103m continuu produse inovatoare.[\/vc_column_text][\/vc_column][\/vc_row][vc_row][vc_column width=&#8221;1\/2&#8243; el_class=&#8221;ws-mobile-space-50x&#8221;][vc_single_image image=&#8221;1179&#8243; img_size=&#8221;full&#8221;][\/vc_column][vc_column width=&#8221;1\/2&#8243;][vc_single_image image=&#8221;1182&#8243; img_size=&#8221;full&#8221;][\/vc_column][\/vc_row]<\/p>\n","protected":false},"excerpt":{"rendered":"<p>[vc_row el_class=&#8221;ws-row-space-bottom-70x&#8221;][vc_column][vc_column_text]Dezvolt\u0103m produse inovatoare. \u00cencep\u00e2nd cu anul 2017 produc\u021bia de snacksuri a devenit cel de-al doilea nucleu din activitatea noastr\u0103. Folosim utilaje de cea mai \u00eenalt\u0103 precizie pentru a livra la timp produse calitative \u00eendr\u0103gite de toat\u0103 lumea. Principala direc\u021bie de produc\u021bie sunt snacksurile extrudate de diverse forme, dimensiuni \u0219i arome. Suntem mereu \u00een pas [&hellip;]<\/p>\n","protected":false},"author":1,"featured_media":0,"parent":575,"menu_order":0,"comment_status":"closed","ping_status":"closed","template":"","meta":[],"yst_prominent_words":[120,115,118,119,117,116,114,121],"_links":{"self":[{"href":"https:\/\/sapico.md\/ro\/wp-json\/wp\/v2\/pages\/587"}],"collection":[{"href":"https:\/\/sapico.md\/ro\/wp-json\/wp\/v2\/pages"}],"about":[{"href":"https:\/\/sapico.md\/ro\/wp-json\/wp\/v2\/types\/page"}],"author":[{"embeddable":true,"href":"https:\/\/sapico.md\/ro\/wp-json\/wp\/v2\/users\/1"}],"replies":[{"embeddable":true,"href":"https:\/\/sapico.md\/ro\/wp-json\/wp\/v2\/comments?post=587"}],"version-history":[{"count":7,"href":"https:\/\/sapico.md\/ro\/wp-json\/wp\/v2\/pages\/587\/revisions"}],"predecessor-version":[{"id":1185,"href":"https:\/\/sapico.md\/ro\/wp-json\/wp\/v2\/pages\/587\/revisions\/1185"}],"up":[{"embeddable":true,"href":"https:\/\/sapico.md\/ro\/wp-json\/wp\/v2\/pages\/575"}],"wp:attachment":[{"href":"https:\/\/sapico.md\/ro\/wp-json\/wp\/v2\/media?parent=587"}],"wp:term":[{"taxonomy":"yst_prominent_words","embeddable":true,"href":"https:\/\/sapico.md\/ro\/wp-json\/wp\/v2\/yst_prominent_words?post=587"}],"curies":[{"name":"wp","href":"https:\/\/api.w.org\/{rel}","templated":true}]}}