{"id":611,"date":"2020-06-10T08:40:37","date_gmt":"2020-06-10T08:40:37","guid":{"rendered":"https:\/\/sapico.md\/ce-facem\/import\/"},"modified":"2020-09-16T09:10:54","modified_gmt":"2020-09-16T09:10:54","slug":"import","status":"publish","type":"page","link":"https:\/\/sapico.md\/ro\/ce-facem\/import\/","title":{"rendered":"Import"},"content":{"rendered":"<p>[vc_row content_placement=&#8221;middle&#8221; el_class=&#8221;ws-row-space-bottom-70x&#8221;][vc_column width=&#8221;1\/2&#8243;]<div class=\"ws-heading text-left ws-heading-dark\"><h1>Cele mai \u00eendr\u0103gite branduri \u2013 mereu aproape.<\/h1><\/div>[vc_column_text]Din toate col\u021burile lumii, cu drag pentru tine.<\/p>\n<p>Importul de produse alimentare este la baza \u00eenfiin\u021b\u0103rii activit\u0103\u021bii noastre.<\/p>\n<p>\u00cencep\u00e2nd cu 2001 aducem mai aproape cele mai \u00eendr\u0103gite branduri de produse alimentare precum: Heinz, Mechta Hozjajki, Corny, etc.[\/vc_column_text][\/vc_column][vc_column width=&#8221;1\/2&#8243;][vc_single_image image=&#8221;924&#8243; img_size=&#8221;full&#8221; alignment=&#8221;center&#8221;][\/vc_column][\/vc_row]<\/p>\n","protected":false},"excerpt":{"rendered":"<p>[vc_row content_placement=&#8221;middle&#8221; el_class=&#8221;ws-row-space-bottom-70x&#8221;][vc_column width=&#8221;1\/2&#8243;][vc_column_text]Din toate col\u021burile lumii, cu drag pentru tine. Importul de produse alimentare este la baza \u00eenfiin\u021b\u0103rii activit\u0103\u021bii noastre. \u00cencep\u00e2nd cu 2001 aducem mai aproape cele mai \u00eendr\u0103gite branduri de produse alimentare precum: Heinz, Mechta Hozjajki, Corny, etc.[\/vc_column_text][\/vc_column][vc_column width=&#8221;1\/2&#8243;][vc_single_image image=&#8221;924&#8243; img_size=&#8221;full&#8221; alignment=&#8221;center&#8221;][\/vc_column][\/vc_row]<\/p>\n","protected":false},"author":1,"featured_media":0,"parent":575,"menu_order":0,"comment_status":"closed","ping_status":"closed","template":"","meta":[],"yst_prominent_words":[],"_links":{"self":[{"href":"https:\/\/sapico.md\/ro\/wp-json\/wp\/v2\/pages\/611"}],"collection":[{"href":"https:\/\/sapico.md\/ro\/wp-json\/wp\/v2\/pages"}],"about":[{"href":"https:\/\/sapico.md\/ro\/wp-json\/wp\/v2\/types\/page"}],"author":[{"embeddable":true,"href":"https:\/\/sapico.md\/ro\/wp-json\/wp\/v2\/users\/1"}],"replies":[{"embeddable":true,"href":"https:\/\/sapico.md\/ro\/wp-json\/wp\/v2\/comments?post=611"}],"version-history":[{"count":3,"href":"https:\/\/sapico.md\/ro\/wp-json\/wp\/v2\/pages\/611\/revisions"}],"predecessor-version":[{"id":927,"href":"https:\/\/sapico.md\/ro\/wp-json\/wp\/v2\/pages\/611\/revisions\/927"}],"up":[{"embeddable":true,"href":"https:\/\/sapico.md\/ro\/wp-json\/wp\/v2\/pages\/575"}],"wp:attachment":[{"href":"https:\/\/sapico.md\/ro\/wp-json\/wp\/v2\/media?parent=611"}],"wp:term":[{"taxonomy":"yst_prominent_words","embeddable":true,"href":"https:\/\/sapico.md\/ro\/wp-json\/wp\/v2\/yst_prominent_words?post=611"}],"curies":[{"name":"wp","href":"https:\/\/api.w.org\/{rel}","templated":true}]}}