{"id":849,"date":"2020-09-14T09:55:03","date_gmt":"2020-09-14T09:55:03","guid":{"rendered":"https:\/\/sapico.md\/careers\/"},"modified":"2021-09-27T07:40:08","modified_gmt":"2021-09-27T07:40:08","slug":"cariere","status":"publish","type":"page","link":"https:\/\/sapico.md\/ro\/cariere\/","title":{"rendered":"Cariere"},"content":{"rendered":"<p>[vc_row][vc_column]<div class=\"careers-grid-section\">\n                <div class=\"row\"><div class=\"careers-item-col\">\n                        <div class=\"careers-item\">\n                          <div class=\"careers-item-header\">\n                            <div class=\"careers-item-label\">\n                                <p><\/p>\n                            <\/div>\n                            <div class=\"careers-item-details\">\n                              <a href=\"https:\/\/sapico.md\/ro\/careers\/tehnician-fabrica\/\"><h5 class=\"careers-title\">TEHNICIAN FABRIC\u0102<\/h5><\/a>\n                            <\/div>\n                          <\/div>\n                          <div class=\"careers-item-body\">\n                            <p>[vc_row][vc_column width=&#8221;1\/3&#8243;][vc_single_image image=&#8221;2163&#8243; img_size=&#8221;medium&#8221; css=&#8221;.vc_custom_1634799941649{margin: 10px !important;}&#8221;][\/vc_column][vc_column width=&#8221;1\/3&#8243;][vc_single_image image=&#8221;2119&#8243; img_size=&#8221;medium&#8221; css=&#8221;.vc_custom_1634800010140{margin: 10px<\/p>\n                          <\/div>\n                          <div class=\"careers-item-footer\">\n                            <a href=\"https:\/\/sapico.md\/ro\/careers\/tehnician-fabrica\/\" class=\"careers-btn\"><h5>Aplic\u0103 acum <svg xmlns=\"http:\/\/www.w3.org\/2000\/svg\" viewBox=\"0 0 32.48 16.97\"><path d=\"M28.34 7.45l-5.76-6L24.15 0l8.33 8.63-8.63 8.34-1.5-1.52 6.12-6H0v-2z\"><\/path><\/svg><\/h5><\/a>\n                          <\/div>\n                        <\/div>\n                      <\/div><div class=\"careers-item-col\">\n                        <div class=\"careers-item\">\n                          <div class=\"careers-item-header\">\n                            <div class=\"careers-item-label\">\n                                <p><\/p>\n                            <\/div>\n                            <div class=\"careers-item-details\">\n                              <a href=\"https:\/\/sapico.md\/ro\/careers\/sofer-10-000-mdl\/\"><h5 class=\"careers-title\">\u0218OFER<\/h5><\/a>\n                            <\/div>\n                          <\/div>\n                          <div class=\"careers-item-body\">\n                            <p>[vc_row][vc_column width=&#8221;1\/3&#8243;][vc_single_image image=&#8221;2155&#8243; img_size=&#8221;medium&#8221; css=&#8221;.vc_custom_1634733430319{margin: 10px !important;}&#8221;][\/vc_column][vc_column width=&#8221;1\/3&#8243;][vc_single_image image=&#8221;2143&#8243; img_size=&#8221;medium&#8221; css=&#8221;.vc_custom_1634733439461{margin: 10px<\/p>\n                          <\/div>\n                          <div class=\"careers-item-footer\">\n                            <a href=\"https:\/\/sapico.md\/ro\/careers\/sofer-10-000-mdl\/\" class=\"careers-btn\"><h5>Aplic\u0103 acum <svg xmlns=\"http:\/\/www.w3.org\/2000\/svg\" viewBox=\"0 0 32.48 16.97\"><path d=\"M28.34 7.45l-5.76-6L24.15 0l8.33 8.63-8.63 8.34-1.5-1.52 6.12-6H0v-2z\"><\/path><\/svg><\/h5><\/a>\n                          <\/div>\n                        <\/div>\n                      <\/div><div class=\"careers-item-col\">\n                        <div class=\"careers-item\">\n                          <div class=\"careers-item-header\">\n                            <div class=\"careers-item-label\">\n                                <p><\/p>\n                            <\/div>\n                            <div class=\"careers-item-details\">\n                              <a href=\"https:\/\/sapico.md\/ro\/careers\/hr_manager\/\"><h5 class=\"careers-title\">HR Manager<\/h5><\/a>\n                            <\/div>\n                          <\/div>\n                          <div class=\"careers-item-body\">\n                            <p>[vc_row][vc_column][vc_column_text]Competen\u021be \u0219i Responsabilit\u0103\u021bi: \u00b7\u00a0\u00a0\u00a0\u00a0\u00a0\u00a0\u00a0\u00a0\u0219tie s\u0103 conduc\u0103 \u0219i implementeze procesul de selec\u021bie \u0219i<\/p>\n                          <\/div>\n                          <div class=\"careers-item-footer\">\n                            <a href=\"https:\/\/sapico.md\/ro\/careers\/hr_manager\/\" class=\"careers-btn\"><h5>Aplic\u0103 acum <svg xmlns=\"http:\/\/www.w3.org\/2000\/svg\" viewBox=\"0 0 32.48 16.97\"><path d=\"M28.34 7.45l-5.76-6L24.15 0l8.33 8.63-8.63 8.34-1.5-1.52 6.12-6H0v-2z\"><\/path><\/svg><\/h5><\/a>\n                          <\/div>\n                        <\/div>\n                      <\/div><div class=\"careers-item-col\">\n                        <div class=\"careers-item\">\n                          <div class=\"careers-item-header\">\n                            <div class=\"careers-item-label\">\n                                <p><\/p>\n                            <\/div>\n                            <div class=\"careers-item-details\">\n                              <a href=\"https:\/\/sapico.md\/ro\/careers\/tehnolog-in-productie-alimentara\/\"><h5 class=\"careers-title\">TEHNOLOG \u00een produc\u021bie alimentar\u0103<\/h5><\/a>\n                            <\/div>\n                          <\/div>\n                          <div class=\"careers-item-body\">\n                            <p>Responsabilit\u0103\u021bi:\u00a0 elaborarea \u0219i \u00eembun\u0103t\u0103\u021birea normelor interne ce stabilesc principalele condi\u021bii tehnice de<\/p>\n                          <\/div>\n                          <div class=\"careers-item-footer\">\n                            <a href=\"https:\/\/sapico.md\/ro\/careers\/tehnolog-in-productie-alimentara\/\" class=\"careers-btn\"><h5>Aplic\u0103 acum <svg xmlns=\"http:\/\/www.w3.org\/2000\/svg\" viewBox=\"0 0 32.48 16.97\"><path d=\"M28.34 7.45l-5.76-6L24.15 0l8.33 8.63-8.63 8.34-1.5-1.52 6.12-6H0v-2z\"><\/path><\/svg><\/h5><\/a>\n                          <\/div>\n                        <\/div>\n                      <\/div><div class=\"careers-item-col\">\n                        <div class=\"careers-item\">\n                          <div class=\"careers-item-header\">\n                            <div class=\"careers-item-label\">\n                                <p><\/p>\n                            <\/div>\n                            <div class=\"careers-item-details\">\n                              <a href=\"https:\/\/sapico.md\/ro\/careers\/digital-marketing-copywriter\/\"><h5 class=\"careers-title\">DIGITAL MARKETING &#038; COPYWRITER<\/h5><\/a>\n                            <\/div>\n                          <\/div>\n                          <div class=\"careers-item-body\">\n                            <p>Te pricepi la asta? S\u0103 creezi proiecte \u015fi campanii de marketing prin<\/p>\n                          <\/div>\n                          <div class=\"careers-item-footer\">\n                            <a href=\"https:\/\/sapico.md\/ro\/careers\/digital-marketing-copywriter\/\" class=\"careers-btn\"><h5>Aplic\u0103 acum <svg xmlns=\"http:\/\/www.w3.org\/2000\/svg\" viewBox=\"0 0 32.48 16.97\"><path d=\"M28.34 7.45l-5.76-6L24.15 0l8.33 8.63-8.63 8.34-1.5-1.52 6.12-6H0v-2z\"><\/path><\/svg><\/h5><\/a>\n                          <\/div>\n                        <\/div>\n                      <\/div><div class=\"careers-item-col\">\n                        <div class=\"careers-item\">\n                          <div class=\"careers-item-header\">\n                            <div class=\"careers-item-label\">\n                                <p><\/p>\n                            <\/div>\n                            <div class=\"careers-item-details\">\n                              <a href=\"https:\/\/sapico.md\/ro\/careers\/manipulant-marfuri\/\"><h5 class=\"careers-title\">MANIPULATOR MARF\u0102<\/h5><\/a>\n                            <\/div>\n                          <\/div>\n                          <div class=\"careers-item-body\">\n                            <p>[vc_row][vc_column width=&#8221;1\/3&#8243;][vc_single_image image=&#8221;2152&#8243; img_size=&#8221;medium&#8221; css=&#8221;.vc_custom_1634731319146{margin: 10px !important;}&#8221;][\/vc_column][vc_column width=&#8221;1\/3&#8243;][vc_single_image image=&#8221;2119&#8243; img_size=&#8221;medium&#8221; css=&#8221;.vc_custom_1634731461459{margin-top: 10px<\/p>\n                          <\/div>\n                          <div class=\"careers-item-footer\">\n                            <a href=\"https:\/\/sapico.md\/ro\/careers\/manipulant-marfuri\/\" class=\"careers-btn\"><h5>Aplic\u0103 acum <svg xmlns=\"http:\/\/www.w3.org\/2000\/svg\" viewBox=\"0 0 32.48 16.97\"><path d=\"M28.34 7.45l-5.76-6L24.15 0l8.33 8.63-8.63 8.34-1.5-1.52 6.12-6H0v-2z\"><\/path><\/svg><\/h5><\/a>\n                          <\/div>\n                        <\/div>\n                      <\/div><div class=\"careers-item-col\">\n                        <div class=\"careers-item\">\n                          <div class=\"careers-item-header\">\n                            <div class=\"careers-item-label\">\n                                <p><\/p>\n                            <\/div>\n                            <div class=\"careers-item-details\">\n                              <a href=\"https:\/\/sapico.md\/ro\/careers\/operator-linie-productie-10-000-mdl-net\/\"><h5 class=\"careers-title\">OPERATOR LINIE PRODUC\u021aIE PESME\u021aI &#038; PUFULE\u021aI (10.000 mdl net)<\/h5><\/a>\n                            <\/div>\n                          <\/div>\n                          <div class=\"careers-item-body\">\n                            <p>[vc_row][vc_column width=&#8221;1\/3&#8243;][vc_single_image image=&#8221;2125&#8243; img_size=&#8221;medium&#8221; el_class=&#8221;vanopo&#8221; css=&#8221;.vc_custom_1633932204441{margin: 10px !important;}&#8221;][\/vc_column][vc_column width=&#8221;1\/3&#8243;][vc_single_image image=&#8221;2119&#8243; img_size=&#8221;medium&#8221; css=&#8221;.vc_custom_1633932215272{margin:<\/p>\n                          <\/div>\n                          <div class=\"careers-item-footer\">\n                            <a href=\"https:\/\/sapico.md\/ro\/careers\/operator-linie-productie-10-000-mdl-net\/\" class=\"careers-btn\"><h5>Aplic\u0103 acum <svg xmlns=\"http:\/\/www.w3.org\/2000\/svg\" viewBox=\"0 0 32.48 16.97\"><path d=\"M28.34 7.45l-5.76-6L24.15 0l8.33 8.63-8.63 8.34-1.5-1.52 6.12-6H0v-2z\"><\/path><\/svg><\/h5><\/a>\n                          <\/div>\n                        <\/div>\n                      <\/div>\n                <\/div>\n              <\/div>[\/vc_column][\/vc_row]<\/p>\n","protected":false},"excerpt":{"rendered":"<p>[vc_row][vc_column][\/vc_column][\/vc_row]<\/p>\n","protected":false},"author":1,"featured_media":0,"parent":0,"menu_order":0,"comment_status":"closed","ping_status":"closed","template":"template-bg-page.php","meta":[],"yst_prominent_words":[],"_links":{"self":[{"href":"https:\/\/sapico.md\/ro\/wp-json\/wp\/v2\/pages\/849"}],"collection":[{"href":"https:\/\/sapico.md\/ro\/wp-json\/wp\/v2\/pages"}],"about":[{"href":"https:\/\/sapico.md\/ro\/wp-json\/wp\/v2\/types\/page"}],"author":[{"embeddable":true,"href":"https:\/\/sapico.md\/ro\/wp-json\/wp\/v2\/users\/1"}],"replies":[{"embeddable":true,"href":"https:\/\/sapico.md\/ro\/wp-json\/wp\/v2\/comments?post=849"}],"version-history":[{"count":3,"href":"https:\/\/sapico.md\/ro\/wp-json\/wp\/v2\/pages\/849\/revisions"}],"predecessor-version":[{"id":1383,"href":"https:\/\/sapico.md\/ro\/wp-json\/wp\/v2\/pages\/849\/revisions\/1383"}],"wp:attachment":[{"href":"https:\/\/sapico.md\/ro\/wp-json\/wp\/v2\/media?parent=849"}],"wp:term":[{"taxonomy":"yst_prominent_words","embeddable":true,"href":"https:\/\/sapico.md\/ro\/wp-json\/wp\/v2\/yst_prominent_words?post=849"}],"curies":[{"name":"wp","href":"https:\/\/api.w.org\/{rel}","templated":true}]}}